{"id":11137,"date":"2016-05-01T20:20:22","date_gmt":"2016-05-01T19:20:22","guid":{"rendered":"https:\/\/mbidf.com\/wordpress\/?post_type=product&#038;p=11137"},"modified":"2024-03-17T17:58:18","modified_gmt":"2024-03-17T16:58:18","slug":"maillot-short-mbidf","status":"publish","type":"product","link":"https:\/\/mbidf.com\/wordpress\/produit\/maillot-short-mbidf\/","title":{"rendered":"Maillot + Short MBIDF 2016"},"content":{"rendered":"","protected":false},"excerpt":{"rendered":"<p><strong><u>MAILLOT<\/u><\/strong><\/p>\n<p><img loading=\"lazy\" decoding=\"async\" class=\"alignnone wp-image-11138\" src=\"https:\/\/mbidf.com\/wordpress\/wp-content\/uploads\/2020\/05\/Maillot_1_Av-275x300.jpeg\" alt=\"\" width=\"260\" height=\"284\" srcset=\"https:\/\/i0.wp.com\/mbidf.com\/wordpress\/wp-content\/uploads\/2020\/05\/Maillot_1_Av.jpeg?resize=275%2C300&amp;ssl=1 275w, https:\/\/i0.wp.com\/mbidf.com\/wordpress\/wp-content\/uploads\/2020\/05\/Maillot_1_Av.jpeg?resize=600%2C653&amp;ssl=1 600w, https:\/\/i0.wp.com\/mbidf.com\/wordpress\/wp-content\/uploads\/2020\/05\/Maillot_1_Av.jpeg?w=640&amp;ssl=1 640w\" sizes=\"auto, (max-width: 260px) 100vw, 260px\" \/> <img loading=\"lazy\" decoding=\"async\" class=\"alignnone wp-image-11140\" src=\"https:\/\/mbidf.com\/wordpress\/wp-content\/uploads\/2020\/05\/Maillot_1_Ar-298x300.jpg\" alt=\"\" width=\"280\" height=\"282\" srcset=\"https:\/\/i0.wp.com\/mbidf.com\/wordpress\/wp-content\/uploads\/2020\/05\/Maillot_1_Ar.jpg?resize=298%2C300&amp;ssl=1 298w, https:\/\/i0.wp.com\/mbidf.com\/wordpress\/wp-content\/uploads\/2020\/05\/Maillot_1_Ar.jpg?resize=150%2C150&amp;ssl=1 150w, https:\/\/i0.wp.com\/mbidf.com\/wordpress\/wp-content\/uploads\/2020\/05\/Maillot_1_Ar.jpg?resize=600%2C604&amp;ssl=1 600w, https:\/\/i0.wp.com\/mbidf.com\/wordpress\/wp-content\/uploads\/2020\/05\/Maillot_1_Ar.jpg?resize=100%2C100&amp;ssl=1 100w, https:\/\/i0.wp.com\/mbidf.com\/wordpress\/wp-content\/uploads\/2020\/05\/Maillot_1_Ar.jpg?w=640&amp;ssl=1 640w\" sizes=\"auto, (max-width: 280px) 100vw, 280px\" \/><\/p>\n<p><strong><u>SHORT<\/u><\/strong><\/p>\n<p><img loading=\"lazy\" decoding=\"async\" class=\"alignnone size-medium wp-image-11141\" src=\"https:\/\/mbidf.com\/wordpress\/wp-content\/uploads\/2020\/05\/Short_1_Av-300x216.jpg\" alt=\"\" width=\"300\" height=\"216\" srcset=\"https:\/\/i0.wp.com\/mbidf.com\/wordpress\/wp-content\/uploads\/2020\/05\/Short_1_Av.jpg?resize=300%2C216&amp;ssl=1 300w, https:\/\/i0.wp.com\/mbidf.com\/wordpress\/wp-content\/uploads\/2020\/05\/Short_1_Av.jpg?resize=600%2C432&amp;ssl=1 600w, https:\/\/i0.wp.com\/mbidf.com\/wordpress\/wp-content\/uploads\/2020\/05\/Short_1_Av.jpg?w=640&amp;ssl=1 640w\" sizes=\"auto, (max-width: 300px) 100vw, 300px\" \/><\/p>\n<p><span style=\"color: #ff0000;\"><strong>EN RUPTURE DE STOCK !\u00a0<\/strong><\/span><\/p>\n<p>Initialement disponible uniquement sur commande<\/p>\n<p>50 exemplaires<\/p>\n<p>Tailles : du 6 mois (b\u00e9b\u00e9 MB) au 5XL (amateur de bi\u00e8res et BK)<\/p>\n<p>Prix pour les membres : 40 \u20ac (maillot seul) \/ 60 \u20ac (short + maillot)<br \/>\nPrix pour les non-membres : 45 \u20ac (maillot seul) \/ 65 \u20ac (short + maillot)<\/p>\n<p>Date de sortie : Mai 2016<\/p>\n","protected":false},"featured_media":11138,"template":"","meta":{"_bbp_topic_count":0,"_bbp_reply_count":0,"_bbp_total_topic_count":0,"_bbp_total_reply_count":0,"_bbp_voice_count":0,"_bbp_anonymous_reply_count":0,"_bbp_topic_count_hidden":0,"_bbp_reply_count_hidden":0,"_bbp_forum_subforum_count":0,"_exactmetrics_skip_tracking":false,"_exactmetrics_sitenote_active":false,"_exactmetrics_sitenote_note":"","_exactmetrics_sitenote_category":0,"jetpack_post_was_ever_published":false,"jetpack_publicize_message":"","jetpack_publicize_feature_enabled":true,"jetpack_social_post_already_shared":true,"jetpack_social_options":{"image_generator_settings":{"template":"highway","default_image_id":0,"font":"","enabled":false},"version":2}},"product_brand":[],"product_cat":[192],"product_tag":[],"class_list":{"0":"post-11137","1":"product","2":"type-product","3":"status-publish","4":"has-post-thumbnail","6":"product_cat-produits-sections-foot","8":"first","9":"outofstock","10":"shipping-taxable","11":"purchasable","12":"product-type-simple"},"jetpack_publicize_connections":[],"jetpack_sharing_enabled":true,"_links":{"self":[{"href":"https:\/\/mbidf.com\/wordpress\/wp-json\/wp\/v2\/product\/11137","targetHints":{"allow":["GET"]}}],"collection":[{"href":"https:\/\/mbidf.com\/wordpress\/wp-json\/wp\/v2\/product"}],"about":[{"href":"https:\/\/mbidf.com\/wordpress\/wp-json\/wp\/v2\/types\/product"}],"wp:featuredmedia":[{"embeddable":true,"href":"https:\/\/mbidf.com\/wordpress\/wp-json\/wp\/v2\/media\/11138"}],"wp:attachment":[{"href":"https:\/\/mbidf.com\/wordpress\/wp-json\/wp\/v2\/media?parent=11137"}],"wp:term":[{"taxonomy":"product_brand","embeddable":true,"href":"https:\/\/mbidf.com\/wordpress\/wp-json\/wp\/v2\/product_brand?post=11137"},{"taxonomy":"product_cat","embeddable":true,"href":"https:\/\/mbidf.com\/wordpress\/wp-json\/wp\/v2\/product_cat?post=11137"},{"taxonomy":"product_tag","embeddable":true,"href":"https:\/\/mbidf.com\/wordpress\/wp-json\/wp\/v2\/product_tag?post=11137"}],"curies":[{"name":"wp","href":"https:\/\/api.w.org\/{rel}","templated":true}]}}