{"id":11135,"date":"2016-05-01T20:30:40","date_gmt":"2016-05-01T19:30:40","guid":{"rendered":"https:\/\/mbidf.com\/wordpress\/?post_type=product&#038;p=11135"},"modified":"2020-05-08T18:13:29","modified_gmt":"2020-05-08T17:13:29","slug":"lunette-de-soleil-300eme-deplacement","status":"publish","type":"product","link":"https:\/\/mbidf.com\/wordpress\/produit\/lunette-de-soleil-300eme-deplacement\/","title":{"rendered":"Lunette de soleil 300\u00e8me d\u00e9placement"},"content":{"rendered":"","protected":false},"excerpt":{"rendered":"<p><img loading=\"lazy\" decoding=\"async\" class=\"alignnone size-medium wp-image-10381\" src=\"https:\/\/mbidf.com\/wordpress\/wp-content\/uploads\/2020\/05\/13198430_10153966585077819_2853433374062994208_o-e1588434725663-300x250.jpg\" alt=\"\" width=\"300\" height=\"250\" srcset=\"https:\/\/i0.wp.com\/mbidf.com\/wordpress\/wp-content\/uploads\/2020\/05\/13198430_10153966585077819_2853433374062994208_o-e1588434725663.jpg?resize=300%2C250&amp;ssl=1 300w, https:\/\/i0.wp.com\/mbidf.com\/wordpress\/wp-content\/uploads\/2020\/05\/13198430_10153966585077819_2853433374062994208_o-e1588434725663.jpg?resize=1024%2C854&amp;ssl=1 1024w, https:\/\/i0.wp.com\/mbidf.com\/wordpress\/wp-content\/uploads\/2020\/05\/13198430_10153966585077819_2853433374062994208_o-e1588434725663.jpg?resize=768%2C640&amp;ssl=1 768w, https:\/\/i0.wp.com\/mbidf.com\/wordpress\/wp-content\/uploads\/2020\/05\/13198430_10153966585077819_2853433374062994208_o-e1588434725663.jpg?resize=600%2C500&amp;ssl=1 600w, https:\/\/i0.wp.com\/mbidf.com\/wordpress\/wp-content\/uploads\/2020\/05\/13198430_10153966585077819_2853433374062994208_o-e1588434725663.jpg?w=1382&amp;ssl=1 1382w, https:\/\/i0.wp.com\/mbidf.com\/wordpress\/wp-content\/uploads\/2020\/05\/13198430_10153966585077819_2853433374062994208_o-e1588434725663.jpg?w=1100&amp;ssl=1 1100w\" sizes=\"auto, (max-width: 300px) 100vw, 300px\" \/><\/p>\n<p>60 exemplaires -&gt; <span style=\"color: #ff0000;\"><strong>STOCK \u00c9PUIS\u00c9 !<\/strong><\/span><\/p>\n<p>Offert lors du d\u00e9placement Caen (300\u00e8me d\u00e9placement)<\/p>\n<p>Date de sortie : Mai 2016<\/p>\n","protected":false},"featured_media":11136,"template":"","meta":{"_bbp_topic_count":0,"_bbp_reply_count":0,"_bbp_total_topic_count":0,"_bbp_total_reply_count":0,"_bbp_voice_count":0,"_bbp_anonymous_reply_count":0,"_bbp_topic_count_hidden":0,"_bbp_reply_count_hidden":0,"_bbp_forum_subforum_count":0,"_exactmetrics_skip_tracking":false,"_exactmetrics_sitenote_active":false,"_exactmetrics_sitenote_note":"","_exactmetrics_sitenote_category":0,"jetpack_post_was_ever_published":false,"jetpack_publicize_message":"","jetpack_publicize_feature_enabled":true,"jetpack_social_post_already_shared":true,"jetpack_social_options":{"image_generator_settings":{"template":"highway","default_image_id":0,"font":"","enabled":false},"version":2}},"product_brand":[],"product_cat":[75],"product_tag":[],"class_list":{"0":"post-11135","1":"product","2":"type-product","3":"status-publish","4":"has-post-thumbnail","6":"product_cat-autres-produits","8":"first","9":"outofstock","10":"shipping-taxable","11":"purchasable","12":"product-type-simple"},"jetpack_publicize_connections":[],"jetpack_sharing_enabled":true,"_links":{"self":[{"href":"https:\/\/mbidf.com\/wordpress\/wp-json\/wp\/v2\/product\/11135","targetHints":{"allow":["GET"]}}],"collection":[{"href":"https:\/\/mbidf.com\/wordpress\/wp-json\/wp\/v2\/product"}],"about":[{"href":"https:\/\/mbidf.com\/wordpress\/wp-json\/wp\/v2\/types\/product"}],"wp:featuredmedia":[{"embeddable":true,"href":"https:\/\/mbidf.com\/wordpress\/wp-json\/wp\/v2\/media\/11136"}],"wp:attachment":[{"href":"https:\/\/mbidf.com\/wordpress\/wp-json\/wp\/v2\/media?parent=11135"}],"wp:term":[{"taxonomy":"product_brand","embeddable":true,"href":"https:\/\/mbidf.com\/wordpress\/wp-json\/wp\/v2\/product_brand?post=11135"},{"taxonomy":"product_cat","embeddable":true,"href":"https:\/\/mbidf.com\/wordpress\/wp-json\/wp\/v2\/product_cat?post=11135"},{"taxonomy":"product_tag","embeddable":true,"href":"https:\/\/mbidf.com\/wordpress\/wp-json\/wp\/v2\/product_tag?post=11135"}],"curies":[{"name":"wp","href":"https:\/\/api.w.org\/{rel}","templated":true}]}}